{"id":5063,"date":"2024-08-21T00:15:10","date_gmt":"2024-08-20T21:15:10","guid":{"rendered":"https:\/\/marcozanetti.com.tr\/?page_id=5063"},"modified":"2024-08-21T04:08:45","modified_gmt":"2024-08-21T01:08:45","slug":"__trashed","status":"publish","type":"page","link":"https:\/\/marcozanetti.com.tr\/?page_id=5063","title":{"rendered":"Kurumsal"},"content":{"rendered":"\n\n  <div class=\"banner has-hover has-video\" id=\"banner-1638879909\">\n          <div class=\"banner-inner fill\">\n        <div class=\"banner-bg fill\" >\n            <div class=\"bg fill bg-fill \"><\/div>\n            \t<div class=\"video-overlay no-click fill visible\"><\/div>\n\t<video class=\"video-bg fill visible\" preload playsinline autoplay\n\t\t\t\tloop>\n\t\t<source src=\"https:\/\/marcozanetti.com.tr\/wp-content\/uploads\/2024\/08\/Shop-Now-Shop-Now-Shop-Now-Shop-Now-Shop-Now-Shop-Now-Shop-Now-Shop-Now-Shop-Now-Shop-Now-Shop-Now-Shop-Now.mp4\" type=\"video\/mp4\">\t<\/video>\n                        \n                    <\/div>\n        <div class=\"banner-layers container\">\n            <div class=\"fill banner-link\"><\/div>            \n\n\n        <\/div>\n      <\/div>\n\n            \n<style>\n#banner-1638879909 {\n  padding-top: 500px;\n}\n<\/style>\n  <\/div>\n\n\n<p data-sourcepos=\"3:1-3:41\">\u00a0<\/p>\n<p data-sourcepos=\"3:1-3:41\"><strong>&#8220;Marco Zanetti: Zamans\u0131z \u015e\u0131kl\u0131k, Global Bir Tutku&#8221;<\/strong><\/p>\n<p data-sourcepos=\"5:1-5:86\"><strong>Marco Zanetti<\/strong>, moda d\u00fcnyas\u0131nda kalite ve zerafetin e\u015f anlaml\u0131s\u0131d\u0131r. \u00dcr\u00fcnlerimiz, \u00f6zenle se\u00e7ilmi\u015f en kaliteli kuma\u015flar ve ustal\u0131kla harmanlanan zamans\u0131z tasar\u0131mlar ile \u00fcretilmektedir. Her bir detayda titizlikle \u00e7al\u0131\u015farak, m\u00fc\u015fterilerimize benzersiz bir deneyim sunmay\u0131 hedefliyoruz.<\/p>\n<p data-sourcepos=\"7:1-7:29\"><strong>21 \u00fclkeye ihracat yaparak<\/strong> erkek giyim sekt\u00f6r\u00fcnde global bir oyuncu haline geldik. \u00dcr\u00fcnlerimiz, d\u00fcnyan\u0131n d\u00f6rt bir yan\u0131ndaki moda tutkunlar\u0131 taraf\u0131ndan tercih edilmektedir. Marco Zanetti olarak, hem yerel hem de uluslararas\u0131 pazarda kalitenin ve \u015f\u0131kl\u0131\u011f\u0131n \u00f6nc\u00fcs\u00fc olmaya devam ediyoruz.<\/p>\n<p data-sourcepos=\"9:1-9:24\"><strong>Neden Marco Zanetti?<\/strong><\/p>\n<ul data-sourcepos=\"11:1-13:11\">\n<li data-sourcepos=\"11:1-11:76\"><strong>Kaliteli Kuma\u015flar:<\/strong> \u00dcr\u00fcnlerimizde yaln\u0131zca en iyi kuma\u015flar\u0131 kullan\u0131r\u0131z.<\/li>\n<li data-sourcepos=\"12:1-12:96\"><strong>Zamans\u0131z Tasar\u0131mlar:<\/strong> Trendlere ba\u011fl\u0131 kalmadan, her zaman \u015f\u0131k ve modern tasar\u0131mlar sunar\u0131z.<\/li>\n<li data-sourcepos=\"13:1-13:11\"><strong>Ustal\u0131kla \u0130\u015flenmi\u015f Detaylar:<\/strong> Her bir \u00fcr\u00fcn\u00fcm\u00fcz, deneyimli ustalar\u0131m\u0131z taraf\u0131ndan \u00f6zenle i\u015flenir.<\/li>\n<li data-sourcepos=\"14:1-14:105\"><strong>Global Eri\u015fim:<\/strong> 21 \u00fclkede bulunan m\u00fc\u015fterilerimize ula\u015farak, moda tutkunlar\u0131n\u0131 bir araya getiriyoruz.<\/li>\n<li data-sourcepos=\"15:1-16:0\"><strong>Benzersiz M\u00fc\u015fteri Deneyimi:<\/strong> M\u00fc\u015fterilerimize \u00f6zel bir deneyim sunmak i\u00e7in s\u00fcrekli olarak kendimizi geli\u015ftiriyoruz.<\/li>\n<\/ul>\n\n","protected":false},"excerpt":{"rendered":"","protected":false},"author":1,"featured_media":0,"parent":0,"menu_order":0,"comment_status":"closed","ping_status":"closed","template":"","meta":{"footnotes":""},"class_list":["post-5063","page","type-page","status-publish","hentry"],"yoast_head":"<!-- This site is optimized with the Yoast SEO plugin v26.7 - https:\/\/yoast.com\/wordpress\/plugins\/seo\/ -->\n<title>Kurumsal - MARCO ZANETT\u0130<\/title>\n<meta name=\"robots\" content=\"index, follow, max-snippet:-1, max-image-preview:large, max-video-preview:-1\" \/>\n<link rel=\"canonical\" href=\"https:\/\/marcozanetti.com.tr\/?page_id=5063\" \/>\n<meta property=\"og:locale\" content=\"tr_TR\" \/>\n<meta property=\"og:type\" content=\"article\" \/>\n<meta property=\"og:title\" content=\"Kurumsal - MARCO ZANETT\u0130\" \/>\n<meta property=\"og:url\" content=\"https:\/\/marcozanetti.com.tr\/?page_id=5063\" \/>\n<meta property=\"og:site_name\" content=\"MARCO ZANETT\u0130\" \/>\n<meta property=\"article:modified_time\" content=\"2024-08-21T01:08:45+00:00\" \/>\n<meta name=\"twitter:card\" content=\"summary_large_image\" \/>\n<meta name=\"twitter:label1\" content=\"Tahmini okuma s\u00fcresi\" \/>\n\t<meta name=\"twitter:data1\" content=\"1 dakika\" \/>\n<script type=\"application\/ld+json\" class=\"yoast-schema-graph\">{\"@context\":\"https:\/\/schema.org\",\"@graph\":[{\"@type\":\"WebPage\",\"@id\":\"https:\/\/marcozanetti.com.tr\/?page_id=5063\",\"url\":\"https:\/\/marcozanetti.com.tr\/?page_id=5063\",\"name\":\"Kurumsal - MARCO ZANETT\u0130\",\"isPartOf\":{\"@id\":\"https:\/\/marcozanetti.com.tr\/#website\"},\"datePublished\":\"2024-08-20T21:15:10+00:00\",\"dateModified\":\"2024-08-21T01:08:45+00:00\",\"breadcrumb\":{\"@id\":\"https:\/\/marcozanetti.com.tr\/?page_id=5063#breadcrumb\"},\"inLanguage\":\"tr\",\"potentialAction\":[{\"@type\":\"ReadAction\",\"target\":[\"https:\/\/marcozanetti.com.tr\/?page_id=5063\"]}]},{\"@type\":\"BreadcrumbList\",\"@id\":\"https:\/\/marcozanetti.com.tr\/?page_id=5063#breadcrumb\",\"itemListElement\":[{\"@type\":\"ListItem\",\"position\":1,\"name\":\"Anasayfa\",\"item\":\"https:\/\/marcozanetti.com.tr\/\"},{\"@type\":\"ListItem\",\"position\":2,\"name\":\"Kurumsal\"}]},{\"@type\":\"WebSite\",\"@id\":\"https:\/\/marcozanetti.com.tr\/#website\",\"url\":\"https:\/\/marcozanetti.com.tr\/\",\"name\":\"MARCO ZANETT\u0130\",\"description\":\"\",\"potentialAction\":[{\"@type\":\"SearchAction\",\"target\":{\"@type\":\"EntryPoint\",\"urlTemplate\":\"https:\/\/marcozanetti.com.tr\/?s={search_term_string}\"},\"query-input\":{\"@type\":\"PropertyValueSpecification\",\"valueRequired\":true,\"valueName\":\"search_term_string\"}}],\"inLanguage\":\"tr\"}]}<\/script>\n<!-- \/ Yoast SEO plugin. -->","yoast_head_json":{"title":"Kurumsal - MARCO ZANETT\u0130","robots":{"index":"index","follow":"follow","max-snippet":"max-snippet:-1","max-image-preview":"max-image-preview:large","max-video-preview":"max-video-preview:-1"},"canonical":"https:\/\/marcozanetti.com.tr\/?page_id=5063","og_locale":"tr_TR","og_type":"article","og_title":"Kurumsal - MARCO ZANETT\u0130","og_url":"https:\/\/marcozanetti.com.tr\/?page_id=5063","og_site_name":"MARCO ZANETT\u0130","article_modified_time":"2024-08-21T01:08:45+00:00","twitter_card":"summary_large_image","twitter_misc":{"Tahmini okuma s\u00fcresi":"1 dakika"},"schema":{"@context":"https:\/\/schema.org","@graph":[{"@type":"WebPage","@id":"https:\/\/marcozanetti.com.tr\/?page_id=5063","url":"https:\/\/marcozanetti.com.tr\/?page_id=5063","name":"Kurumsal - MARCO ZANETT\u0130","isPartOf":{"@id":"https:\/\/marcozanetti.com.tr\/#website"},"datePublished":"2024-08-20T21:15:10+00:00","dateModified":"2024-08-21T01:08:45+00:00","breadcrumb":{"@id":"https:\/\/marcozanetti.com.tr\/?page_id=5063#breadcrumb"},"inLanguage":"tr","potentialAction":[{"@type":"ReadAction","target":["https:\/\/marcozanetti.com.tr\/?page_id=5063"]}]},{"@type":"BreadcrumbList","@id":"https:\/\/marcozanetti.com.tr\/?page_id=5063#breadcrumb","itemListElement":[{"@type":"ListItem","position":1,"name":"Anasayfa","item":"https:\/\/marcozanetti.com.tr\/"},{"@type":"ListItem","position":2,"name":"Kurumsal"}]},{"@type":"WebSite","@id":"https:\/\/marcozanetti.com.tr\/#website","url":"https:\/\/marcozanetti.com.tr\/","name":"MARCO ZANETT\u0130","description":"","potentialAction":[{"@type":"SearchAction","target":{"@type":"EntryPoint","urlTemplate":"https:\/\/marcozanetti.com.tr\/?s={search_term_string}"},"query-input":{"@type":"PropertyValueSpecification","valueRequired":true,"valueName":"search_term_string"}}],"inLanguage":"tr"}]}},"_links":{"self":[{"href":"https:\/\/marcozanetti.com.tr\/index.php?rest_route=\/wp\/v2\/pages\/5063","targetHints":{"allow":["GET"]}}],"collection":[{"href":"https:\/\/marcozanetti.com.tr\/index.php?rest_route=\/wp\/v2\/pages"}],"about":[{"href":"https:\/\/marcozanetti.com.tr\/index.php?rest_route=\/wp\/v2\/types\/page"}],"author":[{"embeddable":true,"href":"https:\/\/marcozanetti.com.tr\/index.php?rest_route=\/wp\/v2\/users\/1"}],"replies":[{"embeddable":true,"href":"https:\/\/marcozanetti.com.tr\/index.php?rest_route=%2Fwp%2Fv2%2Fcomments&post=5063"}],"version-history":[{"count":4,"href":"https:\/\/marcozanetti.com.tr\/index.php?rest_route=\/wp\/v2\/pages\/5063\/revisions"}],"predecessor-version":[{"id":71148,"href":"https:\/\/marcozanetti.com.tr\/index.php?rest_route=\/wp\/v2\/pages\/5063\/revisions\/71148"}],"wp:attachment":[{"href":"https:\/\/marcozanetti.com.tr\/index.php?rest_route=%2Fwp%2Fv2%2Fmedia&parent=5063"}],"curies":[{"name":"wp","href":"https:\/\/api.w.org\/{rel}","templated":true}]}}